{"id":53,"date":"2014-03-01T01:38:04","date_gmt":"2014-03-01T01:38:04","guid":{"rendered":"http:\/\/socios.fovndation.com\/?page_id=53"},"modified":"2015-03-11T14:04:18","modified_gmt":"2015-03-11T14:04:18","slug":"casa","status":"publish","type":"page","link":"https:\/\/mysocios.com\/es\/casa\/","title":{"rendered":"Inicio"},"content":{"rendered":"<h1>socios<\/h1>\n<p><em>sustantivo<\/em><br \/>\n[so-cios]<\/p>\n<ol>\n<li>Persona asociada con otra u otras para alg\u00fan fin.<\/li>\n<li>Una empresa de mercadeo digital que le ayuda a nuestros <strong>Socios<\/strong> a <span class=\"highlight\">conseguir<\/span> y <span class=\"highlight\">conservar<\/span> clientes fortaleciendo las relaciones con ellos. Nos especializamos en la generaci\u00f3n de demanda y a afianzar la interacci\u00f3n con los prospectos mediante la automatizaci\u00f3n del mercadeo.<\/li>\n<\/ol>\n ","protected":false},"excerpt":{"rendered":"<p>socios sustantivo [so-cios] Persona asociada con otra u otras para alg\u00fan fin. Una empresa de mercadeo digital que le ayuda a nuestros Socios a conseguir y conservar clientes fortaleciendo las relaciones con ellos. Nos especializamos en la generaci\u00f3n de demanda y a afianzar la interacci\u00f3n con los prospectos mediante la automatizaci\u00f3n del mercadeo.<\/p>\n","protected":false},"author":4,"featured_media":0,"parent":0,"menu_order":7,"comment_status":"closed","ping_status":"open","template":"page-templates\/definition-box.php","meta":{"nf_dc_page":"","content-type":"","footnotes":""},"class_list":["post-53","page","type-page","status-publish","hentry"],"aioseo_notices":[],"_links":{"self":[{"href":"https:\/\/mysocios.com\/es\/wp-json\/wp\/v2\/pages\/53","targetHints":{"allow":["GET"]}}],"collection":[{"href":"https:\/\/mysocios.com\/es\/wp-json\/wp\/v2\/pages"}],"about":[{"href":"https:\/\/mysocios.com\/es\/wp-json\/wp\/v2\/types\/page"}],"author":[{"embeddable":true,"href":"https:\/\/mysocios.com\/es\/wp-json\/wp\/v2\/users\/4"}],"replies":[{"embeddable":true,"href":"https:\/\/mysocios.com\/es\/wp-json\/wp\/v2\/comments?post=53"}],"version-history":[{"count":10,"href":"https:\/\/mysocios.com\/es\/wp-json\/wp\/v2\/pages\/53\/revisions"}],"predecessor-version":[{"id":203,"href":"https:\/\/mysocios.com\/es\/wp-json\/wp\/v2\/pages\/53\/revisions\/203"}],"wp:attachment":[{"href":"https:\/\/mysocios.com\/es\/wp-json\/wp\/v2\/media?parent=53"}],"curies":[{"name":"wp","href":"https:\/\/api.w.org\/{rel}","templated":true}]}}