{"id":50,"date":"2014-03-01T00:48:28","date_gmt":"2014-03-01T00:48:28","guid":{"rendered":"http:\/\/socios.fovndation.com\/?page_id=50"},"modified":"2014-03-19T03:00:06","modified_gmt":"2014-03-19T03:00:06","slug":"nuestra-historia","status":"publish","type":"page","link":"https:\/\/mysocios.com\/es\/casa\/nuestra-historia\/","title":{"rendered":"Nuestra Historia"},"content":{"rendered":"<p>Tenemos amplia experiencia en la asesor\u00eda a compa\u00f1\u00edas de tecnolog\u00eda de punta impulsando los esfuerzos de mercadeo de sus socios de canal en la Am\u00e9rica Latina y los Estados Unidos.\u00a0Entendemos muy bien la diferencia que existe entre el lanzamiento de un producto nuevo para un mercado emergente y la venta de servicios complejos a una clientela madura. Si su modelo de ventas es directo, a trav\u00e9s de distribuci\u00f3n, o una mezcla de ambos, Socios puede desarrollar las estrategias de generaci\u00f3n de demanda que le acerquen a sus clientes dondequiera que se encuentren.<\/p>\n ","protected":false},"excerpt":{"rendered":"<p>Tenemos amplia experiencia en la asesor\u00eda a compa\u00f1\u00edas de tecnolog\u00eda de punta impulsando los esfuerzos de mercadeo de sus socios de canal en la Am\u00e9rica Latina y los Estados Unidos.\u00a0Entendemos muy bien la diferencia que existe entre el lanzamiento de un producto nuevo para un mercado emergente y la venta de servicios complejos a una<\/p>\n","protected":false},"author":4,"featured_media":0,"parent":53,"menu_order":1,"comment_status":"closed","ping_status":"open","template":"page-templates\/orange.php","meta":{"nf_dc_page":"","content-type":"","footnotes":""},"class_list":["post-50","page","type-page","status-publish","hentry"],"aioseo_notices":[],"_links":{"self":[{"href":"https:\/\/mysocios.com\/es\/wp-json\/wp\/v2\/pages\/50","targetHints":{"allow":["GET"]}}],"collection":[{"href":"https:\/\/mysocios.com\/es\/wp-json\/wp\/v2\/pages"}],"about":[{"href":"https:\/\/mysocios.com\/es\/wp-json\/wp\/v2\/types\/page"}],"author":[{"embeddable":true,"href":"https:\/\/mysocios.com\/es\/wp-json\/wp\/v2\/users\/4"}],"replies":[{"embeddable":true,"href":"https:\/\/mysocios.com\/es\/wp-json\/wp\/v2\/comments?post=50"}],"version-history":[{"count":5,"href":"https:\/\/mysocios.com\/es\/wp-json\/wp\/v2\/pages\/50\/revisions"}],"predecessor-version":[{"id":192,"href":"https:\/\/mysocios.com\/es\/wp-json\/wp\/v2\/pages\/50\/revisions\/192"}],"up":[{"embeddable":true,"href":"https:\/\/mysocios.com\/es\/wp-json\/wp\/v2\/pages\/53"}],"wp:attachment":[{"href":"https:\/\/mysocios.com\/es\/wp-json\/wp\/v2\/media?parent=50"}],"curies":[{"name":"wp","href":"https:\/\/api.w.org\/{rel}","templated":true}]}}