{"id":110,"date":"2014-03-12T20:26:06","date_gmt":"2014-03-12T20:26:06","guid":{"rendered":"http:\/\/localhost:8888\/?page_id=110"},"modified":"2014-03-25T04:27:24","modified_gmt":"2014-03-25T04:27:24","slug":"generacion-de-trafico","status":"publish","type":"page","link":"https:\/\/mysocios.com\/es\/casa\/conseguir-conservar-y-fortalecer-las-relaciones\/generacion-de-trafico\/","title":{"rendered":"Generaci\u00f3n de tr\u00e1fico"},"content":{"rendered":"<p><strong>Socios<\/strong> apoya sus esfuerzos de generaci\u00f3n de demanda mediante la elaboraci\u00f3n de una red m\u00faltiple de campa\u00f1as de interacci\u00f3n con los prospectos basada en su conjunto \u00fanico de compradores e influenciadores de compra. Utilizando los prospectos que ya han ingresado y programas de consecuci\u00f3n de prospectos crearemos flujos educacionales de interacci\u00f3n con los prospectos, apoyados en la automatizaci\u00f3n del mercadeo.<\/p>\n<p>El contenido de su programa de mercadeo es la presencia de su empresa ante el mundo y determina c\u00f3mo la mayor\u00eda de los compradores acogen a su compa\u00f1\u00eda mucho antes de que su equipo de ventas tenga la oportunidad de interactuar con ellos. Conozca c\u00f3mo podemos apoyar a su consumidor, o B2B, la elaboraci\u00f3n de los contenidos de mercadeo, desde la auditor\u00eda de su inventario actual y el desarrollo de los elementos faltantes para el cuadro general de contenidos para la generaci\u00f3n de programas de interacci\u00f3n con los prospectos y la aplicaci\u00f3n de estos a su programa formal de generaci\u00f3n de demanda.<\/p>\n ","protected":false},"excerpt":{"rendered":"<p><strong>Socios<\/strong> apoya sus esfuerzos de generaci\u00f3n de demanda mediante la elaboraci\u00f3n de una red m\u00faltiple de campa\u00f1as de interacci\u00f3n con los prospectos basada en su conjunto \u00fanico de compradores.<\/p>\n","protected":false},"author":4,"featured_media":238,"parent":99,"menu_order":3,"comment_status":"closed","ping_status":"closed","template":"page-templates\/large-thumbnail.php","meta":{"nf_dc_page":"","content-type":"","footnotes":""},"class_list":["post-110","page","type-page","status-publish","has-post-thumbnail","hentry"],"aioseo_notices":[],"_links":{"self":[{"href":"https:\/\/mysocios.com\/es\/wp-json\/wp\/v2\/pages\/110","targetHints":{"allow":["GET"]}}],"collection":[{"href":"https:\/\/mysocios.com\/es\/wp-json\/wp\/v2\/pages"}],"about":[{"href":"https:\/\/mysocios.com\/es\/wp-json\/wp\/v2\/types\/page"}],"author":[{"embeddable":true,"href":"https:\/\/mysocios.com\/es\/wp-json\/wp\/v2\/users\/4"}],"replies":[{"embeddable":true,"href":"https:\/\/mysocios.com\/es\/wp-json\/wp\/v2\/comments?post=110"}],"version-history":[{"count":3,"href":"https:\/\/mysocios.com\/es\/wp-json\/wp\/v2\/pages\/110\/revisions"}],"predecessor-version":[{"id":218,"href":"https:\/\/mysocios.com\/es\/wp-json\/wp\/v2\/pages\/110\/revisions\/218"}],"up":[{"embeddable":true,"href":"https:\/\/mysocios.com\/es\/wp-json\/wp\/v2\/pages\/99"}],"wp:featuredmedia":[{"embeddable":true,"href":"https:\/\/mysocios.com\/es\/wp-json\/wp\/v2\/media\/238"}],"wp:attachment":[{"href":"https:\/\/mysocios.com\/es\/wp-json\/wp\/v2\/media?parent=110"}],"curies":[{"name":"wp","href":"https:\/\/api.w.org\/{rel}","templated":true}]}}