{"id":105,"date":"2014-03-12T20:14:00","date_gmt":"2014-03-12T20:14:00","guid":{"rendered":"http:\/\/localhost:8888\/?page_id=105"},"modified":"2014-03-24T15:47:25","modified_gmt":"2014-03-24T15:47:25","slug":"el-mapa","status":"publish","type":"page","link":"https:\/\/mysocios.com\/es\/casa\/conseguir-conservar-y-fortalecer-las-relaciones\/el-mapa\/","title":{"rendered":"El Mapa"},"content":{"rendered":"<p><strong>Socios<\/strong> proporciona una completa gama de servicios de generaci\u00f3n de demanda que abarcan todo el ciclo de vida del prospecto, desde que se consigue, se nutre la relaci\u00f3n con \u00e9l y se integra al mercadeo de clientes.<\/p>\n<p>Despu\u00e9s de que entendemos las necesidades de su negocio, crearemos el mapa de ruta aprovechando la combinaci\u00f3n \u00f3ptima de medios de comunicaci\u00f3n, mensajes, contenido o t\u00e1cticas que hay que llevar a cabo.<\/p>\n<p>La comercializaci\u00f3n de generaci\u00f3n de demanda no se hace en forma aislada de la amplia variedad de actividades de mercadeo y ventas. El proceso de creaci\u00f3n de un programa de mercadeo de generaci\u00f3n de demanda de clase mundial debe tener en cuenta las caracter\u00edsticas particulares actuales de su empresa. El resultado es un enfoque totalmente integrado hacia el mercadeo de generaci\u00f3n de demanda con el uso acertado de los recursos existentes, que ofrece modificaciones para optimizar la eficiencia y la productividad de las ventas.<\/p>\n ","protected":false},"excerpt":{"rendered":"<p><strong>Socios<\/strong> proporciona una completa gama de servicios de generaci\u00f3n de demanda que abarcan todo el ciclo de vida del prospecto, desde que se consigue, se nutre la relaci\u00f3n con \u00e9l y se integra al mercadeo de clientes.<\/p>\n","protected":false},"author":4,"featured_media":215,"parent":99,"menu_order":2,"comment_status":"closed","ping_status":"closed","template":"page-templates\/large-thumbnail.php","meta":{"nf_dc_page":"","content-type":"","footnotes":""},"class_list":["post-105","page","type-page","status-publish","has-post-thumbnail","hentry"],"aioseo_notices":[],"_links":{"self":[{"href":"https:\/\/mysocios.com\/es\/wp-json\/wp\/v2\/pages\/105","targetHints":{"allow":["GET"]}}],"collection":[{"href":"https:\/\/mysocios.com\/es\/wp-json\/wp\/v2\/pages"}],"about":[{"href":"https:\/\/mysocios.com\/es\/wp-json\/wp\/v2\/types\/page"}],"author":[{"embeddable":true,"href":"https:\/\/mysocios.com\/es\/wp-json\/wp\/v2\/users\/4"}],"replies":[{"embeddable":true,"href":"https:\/\/mysocios.com\/es\/wp-json\/wp\/v2\/comments?post=105"}],"version-history":[{"count":3,"href":"https:\/\/mysocios.com\/es\/wp-json\/wp\/v2\/pages\/105\/revisions"}],"predecessor-version":[{"id":217,"href":"https:\/\/mysocios.com\/es\/wp-json\/wp\/v2\/pages\/105\/revisions\/217"}],"up":[{"embeddable":true,"href":"https:\/\/mysocios.com\/es\/wp-json\/wp\/v2\/pages\/99"}],"wp:featuredmedia":[{"embeddable":true,"href":"https:\/\/mysocios.com\/es\/wp-json\/wp\/v2\/media\/215"}],"wp:attachment":[{"href":"https:\/\/mysocios.com\/es\/wp-json\/wp\/v2\/media?parent=105"}],"curies":[{"name":"wp","href":"https:\/\/api.w.org\/{rel}","templated":true}]}}