{"id":101,"date":"2014-03-12T20:03:15","date_gmt":"2014-03-12T20:03:15","guid":{"rendered":"http:\/\/localhost:8888\/?page_id=101"},"modified":"2014-03-24T15:45:54","modified_gmt":"2014-03-24T15:45:54","slug":"el-plan","status":"publish","type":"page","link":"https:\/\/mysocios.com\/es\/casa\/conseguir-conservar-y-fortalecer-las-relaciones\/el-plan\/","title":{"rendered":"El Plan"},"content":{"rendered":"<p>Como su socio estrat\u00e9gico, <b>Socios<\/b> desarrollar\u00e1 estrategias de generaci\u00f3n de demanda en funci\u00f3n de sus objetivos espec\u00edficos, su audiencia y su presupuesto. Llevamos a cabo un proceso de cuatro pasos sencillos.<\/p>\n<h2>Descubrir<\/h2>\n<p>En primer lugar vamos adquiriremos un conocimiento profundo de su negocio, su audiencia, sus productos y sus objetivos.<\/p>\n<h2>Dise\u00f1ar<\/h2>\n<p>A continuaci\u00f3n, dise\u00f1aremos una estrategia de comunicaci\u00f3n para encontrar sus audiencias precisas y, al mismo tiempo, nos permita descubrir el punto \u00f3ptimo de acci\u00f3n para su producto o servicio.<\/p>\n<h2>Desarrollar<\/h2>\n<p>Socios desarrollar\u00e1 un plan personalizado, desde un programa espec\u00edfico o una serie de campa\u00f1as permanentes de generaci\u00f3n de demanda, dise\u00f1adas para satisfacer de forma exclusiva sus objetivos precisos y los desaf\u00edos del mercado.<\/p>\n<h2>Desplegar<\/h2>\n<p>Una vez que hayamos determinado que nuestras estrategias y objetivos est\u00e1n<br \/>\nalineados, le haremos seguimiento y controlaremos todos los aspectos de la campa\u00f1a de generaci\u00f3n de demanda, optimizando los que sean necesarios para maximizar el retorno sobre la inversi\u00f3n. Nuestro sistema de automatizaci\u00f3n de mercadeo va a filtrar, clasificar y mejorar la interacci\u00f3n con los prospectos que ingresan, para maximizar positivamente la productividad de las ventas y un mejor retorno sobre la inversi\u00f3n de mercadeo.<\/p>\n ","protected":false},"excerpt":{"rendered":"<p>Como su socio estrat\u00e9gico, <b>Socios<\/b> desarrollar\u00e1 estrategias de generaci\u00f3n de demanda en funci\u00f3n de sus objetivos espec\u00edficos, su audiencia y su presupuesto. <\/p>\n","protected":false},"author":4,"featured_media":214,"parent":99,"menu_order":1,"comment_status":"closed","ping_status":"closed","template":"page-templates\/large-thumbnail.php","meta":{"nf_dc_page":"","content-type":"","footnotes":""},"class_list":["post-101","page","type-page","status-publish","has-post-thumbnail","hentry"],"aioseo_notices":[],"_links":{"self":[{"href":"https:\/\/mysocios.com\/es\/wp-json\/wp\/v2\/pages\/101","targetHints":{"allow":["GET"]}}],"collection":[{"href":"https:\/\/mysocios.com\/es\/wp-json\/wp\/v2\/pages"}],"about":[{"href":"https:\/\/mysocios.com\/es\/wp-json\/wp\/v2\/types\/page"}],"author":[{"embeddable":true,"href":"https:\/\/mysocios.com\/es\/wp-json\/wp\/v2\/users\/4"}],"replies":[{"embeddable":true,"href":"https:\/\/mysocios.com\/es\/wp-json\/wp\/v2\/comments?post=101"}],"version-history":[{"count":6,"href":"https:\/\/mysocios.com\/es\/wp-json\/wp\/v2\/pages\/101\/revisions"}],"predecessor-version":[{"id":205,"href":"https:\/\/mysocios.com\/es\/wp-json\/wp\/v2\/pages\/101\/revisions\/205"}],"up":[{"embeddable":true,"href":"https:\/\/mysocios.com\/es\/wp-json\/wp\/v2\/pages\/99"}],"wp:featuredmedia":[{"embeddable":true,"href":"https:\/\/mysocios.com\/es\/wp-json\/wp\/v2\/media\/214"}],"wp:attachment":[{"href":"https:\/\/mysocios.com\/es\/wp-json\/wp\/v2\/media?parent=101"}],"curies":[{"name":"wp","href":"https:\/\/api.w.org\/{rel}","templated":true}]}}